{"id":25,"date":"2026-03-07T22:35:34","date_gmt":"2026-03-07T21:35:34","guid":{"rendered":"http:\/\/212.132.124.154\/?page_id=25"},"modified":"2026-05-14T22:02:41","modified_gmt":"2026-05-14T20:02:41","slug":"justeve-acoustic-band","status":"publish","type":"page","link":"https:\/\/justeve-band.de\/","title":{"rendered":"justeve &#8211; Die sympathische Coverband aus Rastatt und Karlsruhe"},"content":{"rendered":"\n<div class=\"wp-block-columns is-layout-flex wp-container-core-columns-is-layout-28f84493 wp-block-columns-is-layout-flex\">\n<div class=\"wp-block-column is-layout-flow wp-block-column-is-layout-flow\">\n<figure class=\"wp-block-image size-full\"><img loading=\"lazy\" decoding=\"async\" width=\"1024\" height=\"1024\" src=\"https:\/\/justeve-band.de\/wp-content\/uploads\/2026\/03\/justeve-logo1.png\" alt=\"justeve Logo\" class=\"wp-image-28\" srcset=\"https:\/\/justeve-band.de\/wp-content\/uploads\/2026\/03\/justeve-logo1.png 1024w, https:\/\/justeve-band.de\/wp-content\/uploads\/2026\/03\/justeve-logo1-300x300.png 300w, https:\/\/justeve-band.de\/wp-content\/uploads\/2026\/03\/justeve-logo1-150x150.png 150w, https:\/\/justeve-band.de\/wp-content\/uploads\/2026\/03\/justeve-logo1-768x768.png 768w\" sizes=\"auto, (max-width: 1024px) 100vw, 1024px\" \/><\/figure>\n<\/div>\n\n\n\n<div class=\"wp-block-column is-layout-flow wp-block-column-is-layout-flow\">\n<h3 class=\"wp-block-heading\" id=\"start\"><strong>Willkommen \u2013 sch\u00f6n, dass Du da bist!<\/strong><\/h3>\n\n\n\n<p>Wir sind eine Coverband aus dem Raum Rastatt und Karlsruhe und bringen mit Leidenschaft handgemachte Live-Musik auf die B\u00fchne.<br>Mit Songs aus Rock, Pop und Oldies sorgen wir f\u00fcr Stimmung, gute Laune und eine entspannte Atmosph\u00e4re \u2013 generationen\u00fcbergreifend und mit viel Herz.<\/p>\n\n\n\n<p>Ob Vereinsfest, Geburtstag oder Firmenevent \u2013 wir freuen uns darauf, Deine Veranstaltung musikalisch zu begleiten!<\/p>\n<\/div>\n<\/div>\n\n\n\n<div class=\"wp-block-group is-layout-constrained wp-block-group-is-layout-constrained\">\n<figure class=\"wp-block-image aligncenter size-full is-resized\"><img loading=\"lazy\" decoding=\"async\" width=\"1000\" height=\"667\" src=\"https:\/\/justeve-band.de\/wp-content\/uploads\/2026\/04\/Band_klein.jpg\" alt=\"justeve Bandfoto\" class=\"wp-image-90\" style=\"width:699px;height:auto\" srcset=\"https:\/\/justeve-band.de\/wp-content\/uploads\/2026\/04\/Band_klein.jpg 1000w, https:\/\/justeve-band.de\/wp-content\/uploads\/2026\/04\/Band_klein-300x200.jpg 300w, https:\/\/justeve-band.de\/wp-content\/uploads\/2026\/04\/Band_klein-768x512.jpg 768w\" sizes=\"auto, (max-width: 1000px) 100vw, 1000px\" \/><\/figure>\n<\/div>\n\n\n\n<div class=\"wp-block-group is-layout-constrained wp-block-group-is-layout-constrained\">\n<h2 class=\"wp-block-heading\" id=\"band\">Die Band<\/h2>\n\n\n\n<p><strong>Die Cover Band f\u00fcr jeden Anlass.<\/strong><br>Wir spielen eine abwechslungsreiche Mischung aus Klassikern der 80er und 90er Jahre, erg\u00e4nzt durch zeitlose Oldies aus den 60ern. Ob Vereinsfest, private Feier oder kleineres Event \u2013 wir bringen die passende musikalische Stimmung mit.<br>Dabei achten wir stets auf eine angenehme Lautst\u00e4rke, die sich dem Charakter der Veranstaltung anpasst. So steht einem entspannten und stimmungsvollen Abend f\u00fcr alle G\u00e4ste nichts im Weg.<\/p>\n\n\n\n<div class=\"wp-block-columns is-layout-flex wp-container-core-columns-is-layout-28f84493 wp-block-columns-is-layout-flex\">\n<div class=\"wp-block-column is-layout-flow wp-block-column-is-layout-flow\">\n<h3 class=\"wp-block-heading\">Steve<\/h3>\n\n\n\n<figure class=\"wp-block-image\"><img decoding=\"async\" src=\"https:\/\/www.steveandeve.de\/wp-content\/uploads\/2024\/12\/Steve-768x1024.jpg\" alt=\"Steve\" class=\"wp-image-43\"\/><\/figure>\n\n\n\n<ul class=\"wp-block-list\">\n<li>Gesang<\/li>\n\n\n\n<li>Bass<\/li>\n\n\n\n<li>Akustikgitarre<\/li>\n\n\n\n<li>Mundharmonika<\/li>\n\n\n\n<li>Klavier<\/li>\n<\/ul>\n<\/div>\n\n\n\n<div class=\"wp-block-column is-layout-flow wp-block-column-is-layout-flow\">\n<h3 class=\"wp-block-heading\">Eve<\/h3>\n\n\n\n<figure class=\"wp-block-image\"><img decoding=\"async\" src=\"https:\/\/www.steveandeve.de\/wp-content\/uploads\/2024\/12\/Eve-768x1024.jpg\" alt=\"Eve\" class=\"wp-image-44\"\/><\/figure>\n\n\n\n<ul class=\"wp-block-list\">\n<li>Gesang<\/li>\n\n\n\n<li>E-Gitarre<\/li>\n\n\n\n<li>Akustikgitarre<\/li>\n\n\n\n<li>Mandoline<\/li>\n<\/ul>\n<\/div>\n\n\n\n<div class=\"wp-block-column is-layout-flow wp-block-column-is-layout-flow\">\n<h3 class=\"wp-block-heading\">Justin<\/h3>\n\n\n\n<figure class=\"wp-block-image\"><img decoding=\"async\" src=\"https:\/\/www.steveandeve.de\/wp-content\/uploads\/2026\/01\/Justin2-1-750x1024.jpeg\" alt=\"Justin\" class=\"wp-image-256\"\/><\/figure>\n\n\n\n<ul class=\"wp-block-list\">\n<li>Cajon<\/li>\n<\/ul>\n<\/div>\n<\/div>\n<\/div>\n\n\n\n<div class=\"wp-block-group has-ast-global-color-2-color has-pale-ocean-gradient-background has-text-color has-background has-link-color wp-elements-6138878ff202c360cc930bbca734df51 is-layout-constrained wp-block-group-is-layout-constrained\">\n<h2 class=\"wp-block-heading\" id=\"dates\">Termine<\/h2>\n\n\n\n<ul class=\"wp-block-list\">\n<li>14.6.2026 Dorffest Steinmauern (12 Uhr &#8211; 14 Uhr)<\/li>\n<\/ul>\n\n\n\n<figure class=\"wp-block-image aligncenter size-full is-resized\"><img loading=\"lazy\" decoding=\"async\" width=\"1024\" height=\"1024\" src=\"https:\/\/justeve-band.de\/wp-content\/uploads\/2026\/03\/Instruments.png\" alt=\"\" class=\"wp-image-60\" style=\"width:208px;height:auto\" srcset=\"https:\/\/justeve-band.de\/wp-content\/uploads\/2026\/03\/Instruments.png 1024w, https:\/\/justeve-band.de\/wp-content\/uploads\/2026\/03\/Instruments-300x300.png 300w, https:\/\/justeve-band.de\/wp-content\/uploads\/2026\/03\/Instruments-150x150.png 150w, https:\/\/justeve-band.de\/wp-content\/uploads\/2026\/03\/Instruments-768x768.png 768w\" sizes=\"auto, (max-width: 1024px) 100vw, 1024px\" \/><\/figure>\n<\/div>\n\n\n\n<div class=\"wp-block-group is-layout-constrained wp-block-group-is-layout-constrained\">\n<h2 class=\"wp-block-heading\" id=\"songs\">Unsere Lieder<\/h2>\n\n\n\n<p>Hier eine kleine Auswahl aus unserem Programm:<\/p>\n\n\n\n<div class=\"wp-block-columns is-layout-flex wp-container-core-columns-is-layout-28f84493 wp-block-columns-is-layout-flex\">\n<div class=\"wp-block-column is-layout-flow wp-block-column-is-layout-flow\">\n<ul class=\"wp-block-list\">\n<li>All the small things \u2013 Blink 182<\/li>\n\n\n\n<li>Angels \u2013 Robbie Williams<\/li>\n\n\n\n<li>Bad moon rising \u2013 CCR<\/li>\n\n\n\n<li>Californication \u2013 RHCP<\/li>\n\n\n\n<li>Country Roads \u2013 John Denver<\/li>\n\n\n\n<li>Drops of Jupiter \u2013 Train<\/li>\n\n\n\n<li>Don\u2019t look back in anger \u2013 Oasis<\/li>\n\n\n\n<li>Fairytale gone bad \u2013 Sunrise Avenue<\/li>\n\n\n\n<li>Heart of gold \u2013 Neil Young<\/li>\n\n\n\n<li>Hotel California \u2013 The Eagles<\/li>\n\n\n\n<li>Ironic \u2013 Alanis Morisette<\/li>\n<\/ul>\n<\/div>\n\n\n\n<div class=\"wp-block-column is-layout-flow wp-block-column-is-layout-flow\">\n<ul class=\"wp-block-list\">\n<li>It never rains in southern california \u2013 Albert Hammond<\/li>\n\n\n\n<li>I&#8217;m yours &#8211; Jason Mras<\/li>\n\n\n\n<li>Lemon tree \u2013 Fools garden<\/li>\n\n\n\n<li>Let It rain \u2013 Amanda Marshall<\/li>\n\n\n\n<li>Must have been love \u2013 Roxette<\/li>\n\n\n\n<li>Piano Man \u2013 Billy Joel<\/li>\n\n\n\n<li>Riptide \u2013 Vance Joy<\/li>\n\n\n\n<li>Set Fire to The Rain \u2013 Adele<\/li>\n\n\n\n<li>Spending my time \u2013 Roxette<\/li>\n\n\n\n<li>Sweet Child of Mine \u2013 Guns \u2019n\u2018 Roses<\/li>\n\n\n\n<li>This is the life \u2013 Amy MacDonald<\/li>\n<\/ul>\n<\/div>\n\n\n\n<div class=\"wp-block-column is-layout-flow wp-block-column-is-layout-flow\">\n<ul class=\"wp-block-list\">\n<li>Those were the days \u2013 Mary Hopkins<\/li>\n\n\n\n<li>To the moon and back \u2013 Savage Garden<\/li>\n\n\n\n<li>Viva la Vida \u2013 Coldplay<\/li>\n\n\n\n<li>Valery \u2013 Amy Winehouse<\/li>\n\n\n\n<li>What\u2019s Up \u2013 4 Non Blondes<\/li>\n\n\n\n<li>Yellow \u2013 Coldplay<\/li>\n\n\n\n<li>Your Song \u2013 Elton John<\/li>\n<\/ul>\n<\/div>\n<\/div>\n<\/div>\n","protected":false},"excerpt":{"rendered":"<p>Willkommen \u2013 sch\u00f6n, dass Du da bist! Wir sind eine Coverband aus dem Raum Rastatt und Karlsruhe und bringen mit [&hellip;]<\/p>\n","protected":false},"author":1,"featured_media":0,"parent":0,"menu_order":0,"comment_status":"closed","ping_status":"closed","template":"","meta":{"site-sidebar-layout":"default","site-content-layout":"","ast-site-content-layout":"default","site-content-style":"default","site-sidebar-style":"default","ast-global-header-display":"","ast-banner-title-visibility":"","ast-main-header-display":"","ast-hfb-above-header-display":"","ast-hfb-below-header-display":"","ast-hfb-mobile-header-display":"","site-post-title":"","ast-breadcrumbs-content":"","ast-featured-img":"","footer-sml-layout":"","ast-disable-related-posts":"","theme-transparent-header-meta":"","adv-header-id-meta":"","stick-header-meta":"","header-above-stick-meta":"","header-main-stick-meta":"","header-below-stick-meta":"","astra-migrate-meta-layouts":"default","ast-page-background-enabled":"default","ast-page-background-meta":{"desktop":{"background-color":"var(--ast-global-color-5)","background-image":"","background-repeat":"repeat","background-position":"center center","background-size":"auto","background-attachment":"scroll","background-type":"","background-media":"","overlay-type":"","overlay-color":"","overlay-opacity":"","overlay-gradient":""},"tablet":{"background-color":"","background-image":"","background-repeat":"repeat","background-position":"center center","background-size":"auto","background-attachment":"scroll","background-type":"","background-media":"","overlay-type":"","overlay-color":"","overlay-opacity":"","overlay-gradient":""},"mobile":{"background-color":"","background-image":"","background-repeat":"repeat","background-position":"center center","background-size":"auto","background-attachment":"scroll","background-type":"","background-media":"","overlay-type":"","overlay-color":"","overlay-opacity":"","overlay-gradient":""}},"ast-content-background-meta":{"desktop":{"background-color":"var(--ast-global-color-4)","background-image":"","background-repeat":"repeat","background-position":"center center","background-size":"auto","background-attachment":"scroll","background-type":"","background-media":"","overlay-type":"","overlay-color":"","overlay-opacity":"","overlay-gradient":""},"tablet":{"background-color":"var(--ast-global-color-4)","background-image":"","background-repeat":"repeat","background-position":"center center","background-size":"auto","background-attachment":"scroll","background-type":"","background-media":"","overlay-type":"","overlay-color":"","overlay-opacity":"","overlay-gradient":""},"mobile":{"background-color":"var(--ast-global-color-4)","background-image":"","background-repeat":"repeat","background-position":"center center","background-size":"auto","background-attachment":"scroll","background-type":"","background-media":"","overlay-type":"","overlay-color":"","overlay-opacity":"","overlay-gradient":""}},"footnotes":""},"class_list":["post-25","page","type-page","status-publish","hentry"],"aioseo_notices":[],"_links":{"self":[{"href":"https:\/\/justeve-band.de\/index.php?rest_route=\/wp\/v2\/pages\/25","targetHints":{"allow":["GET"]}}],"collection":[{"href":"https:\/\/justeve-band.de\/index.php?rest_route=\/wp\/v2\/pages"}],"about":[{"href":"https:\/\/justeve-band.de\/index.php?rest_route=\/wp\/v2\/types\/page"}],"author":[{"embeddable":true,"href":"https:\/\/justeve-band.de\/index.php?rest_route=\/wp\/v2\/users\/1"}],"replies":[{"embeddable":true,"href":"https:\/\/justeve-band.de\/index.php?rest_route=%2Fwp%2Fv2%2Fcomments&post=25"}],"version-history":[{"count":24,"href":"https:\/\/justeve-band.de\/index.php?rest_route=\/wp\/v2\/pages\/25\/revisions"}],"predecessor-version":[{"id":101,"href":"https:\/\/justeve-band.de\/index.php?rest_route=\/wp\/v2\/pages\/25\/revisions\/101"}],"wp:attachment":[{"href":"https:\/\/justeve-band.de\/index.php?rest_route=%2Fwp%2Fv2%2Fmedia&parent=25"}],"curies":[{"name":"wp","href":"https:\/\/api.w.org\/{rel}","templated":true}]}}